{"id":20288,"date":"2021-09-27T05:46:43","date_gmt":"2021-09-27T05:46:43","guid":{"rendered":"https:\/\/demo.xpeedstudio.com\/bajaar\/shoe-shop\/?page_id=20288"},"modified":"2023-09-22T01:31:49","modified_gmt":"2023-09-22T01:31:49","slug":"faq","status":"publish","type":"page","link":"https:\/\/alex-elec.eu\/de_de_formal\/faq\/","title":{"rendered":"FAQ"},"content":{"rendered":"<div data-elementor-type=\"wp-page\" data-elementor-id=\"20288\" class=\"elementor elementor-20288\">\n\t\t\t\t\t\t\t<div class=\"elementor-element elementor-element-21e136a e-flex e-con-boxed e-con e-parent\" data-id=\"21e136a\" data-element_type=\"container\" data-settings=\"{&quot;content_width&quot;:&quot;boxed&quot;}\" data-core-v316-plus=\"true\">\n\t\t\t\t\t<div class=\"e-con-inner\">\n\t\t\t\t<div class=\"elementor-element elementor-element-f3de959 elementor-widget elementor-widget-text-editor\" data-id=\"f3de959\" data-element_type=\"widget\" data-settings=\"{&quot;ekit_we_effect_on&quot;:&quot;none&quot;}\" data-widget_type=\"text-editor.default\">\n\t\t\t\t<div class=\"elementor-widget-container\">\n\t\t\t<style>\/*! elementor - v3.16.0 - 09-10-2023 *\/\n.elementor-widget-text-editor.elementor-drop-cap-view-stacked .elementor-drop-cap{background-color:#69727d;color:#fff}.elementor-widget-text-editor.elementor-drop-cap-view-framed .elementor-drop-cap{color:#69727d;border:3px solid;background-color:transparent}.elementor-widget-text-editor:not(.elementor-drop-cap-view-default) .elementor-drop-cap{margin-top:8px}.elementor-widget-text-editor:not(.elementor-drop-cap-view-default) .elementor-drop-cap-letter{width:1em;height:1em}.elementor-widget-text-editor .elementor-drop-cap{float:left;text-align:center;line-height:1;font-size:50px}.elementor-widget-text-editor .elementor-drop-cap-letter{display:inline-block}<\/style>\t\t\t\t<div id=\"comp-larb6fno1\" class=\"BaOVQ8 tz5f0K comp-larb6fno1 wixui-rich-text\" data-testid=\"richTextElement\">\n<h1 class=\"font_4 wixui-rich-text__text\"><span class=\"color_15 wixui-rich-text__text\"><span class=\"wixui-rich-text__text\">H\u00c4UFIG GESTELLTE FRAGEN<\/span><\/span><\/h1>\n<\/div>\n<div id=\"comp-larb6fno2\" class=\"BaOVQ8 tz5f0K comp-larb6fno2 wixui-rich-text\" data-testid=\"richTextElement\">\n<p class=\"font_8 wixui-rich-text__text\"><span class=\"color_15 wixui-rich-text__text\">Die Antworten auf Ihre Fragen<\/span><\/p>\n<\/div>\n<div id=\"comp-larb6fno3\" class=\"KcpHeO tz5f0K comp-larb6fno3 wixui-rich-text\" data-testid=\"richTextElement\">\n<h2 class=\"font_6 wixui-rich-text__text\"><a class=\"wixui-rich-text__text\" href=\"https:\/\/www.container-z.com\/#\" target=\"_blank\" rel=\"noreferrer noopener\">Ist ein Container widerstandsf\u00e4hig?<\/a><\/h2>\n<\/div>\n<div id=\"comp-larb6fnp\" class=\"KcpHeO tz5f0K comp-larb6fnp wixui-rich-text\" data-testid=\"richTextElement\">\n<p class=\"font_9 wixui-rich-text__text\">Ein Container ist daf\u00fcr geeignet, mehr als ein Jahrzehnt im Einsatz bei Seereisen zu \u00fcberdauern. Es versteht sich von selbst, dass die Widerstandsf\u00e4higkeit eines Containers nicht mehr bewiesen werden muss, zumal unsere Container, die zum Kauf und zur Miete sowie f\u00fcr Ausstattungen zur Verf\u00fcgung stehen, \u00fcberpr\u00fcft und bei Bedarf repariert oder je nach Projekt sogar neuwertig gemacht werden.<\/p>\n<\/div>\n<div id=\"comp-larb6fnp1\" class=\"KcpHeO tz5f0K comp-larb6fnp1 wixui-rich-text\" data-testid=\"richTextElement\">\n<h2 class=\"font_6 wixui-rich-text__text\"><span class=\"wixui-rich-text__text\"><span class=\"color_15 wixui-rich-text__text\"><a class=\"wixui-rich-text__text\" href=\"https:\/\/www.container-z.com\/#\" target=\"_blank\" rel=\"noreferrer noopener\">Wie kann ich mir einen Container liefern lassen?<\/a><\/span><\/span><\/h2>\n<\/div>\n<div id=\"comp-larb6fnp2\" class=\"KcpHeO tz5f0K comp-larb6fnp2 wixui-rich-text\" data-testid=\"richTextElement\">\n<p class=\"font_9 wixui-rich-text__text\"><span class=\"wixui-rich-text__text\"><span class=\"color_15 wixui-rich-text__text\">&nbsp;Alex-elec gew\u00e4hrleistet eine an Ihren Standort angepasste Lieferung, vorbehaltlich der Erreichbarkeit in der Zone. Sie k\u00f6nnen die Seite unseres Lieferservices besuchen, um weitere Details zu dieser Leistung zu erhalten.<\/span><\/span><\/p>\n<\/div>\n<div id=\"comp-larb6fnp3\" class=\"KcpHeO tz5f0K comp-larb6fnp3 wixui-rich-text\" data-testid=\"richTextElement\">\n<h2 class=\"font_6 wixui-rich-text__text\"><span class=\"wixui-rich-text__text\"><span class=\"color_15 wixui-rich-text__text\"><a class=\"wixui-rich-text__text\" href=\"https:\/\/www.container-z.com\/#\" target=\"_blank\" rel=\"noreferrer noopener\">Welche Arten von Containern gibt es?<\/a><\/span><\/span><\/h2>\n<\/div>\n<div id=\"comp-larb6fnq\" class=\"KcpHeO tz5f0K comp-larb6fnq wixui-rich-text\" data-testid=\"richTextElement\">\n<p class=\"font_9 wixui-rich-text__text\"><span class=\"wixui-rich-text__text\"><span class=\"color_15 wixui-rich-text__text\">Es gibt eine gro\u00dfe Anzahl von Seecontainern. Neben den Standardcontainern gibt es eine gro\u00dfe Vielfalt, die auf bestimmte Arten von Waren oder Verfahren zugeschnitten sind. Auf dieser Seite k\u00f6nnen Sie alle Container entdecken, die zum Verkauf und als Unterst\u00fctzung f\u00fcr eine individuelle Gestaltung angeboten werden.<\/span><\/span><\/p>\n<\/div>\n<div id=\"comp-laveclui\" class=\"KcpHeO tz5f0K comp-laveclui wixui-rich-text\" data-testid=\"richTextElement\">\n<h2 class=\"font_6 wixui-rich-text__text\"><span class=\"wixui-rich-text__text\"><span class=\"color_15 wixui-rich-text__text\"><a class=\"wixui-rich-text__text\" href=\"https:\/\/www.container-z.com\/#\" target=\"_blank\" rel=\"noreferrer noopener\">Sind Ihre Preise fest oder k\u00f6nnen sie variieren?<\/a><\/span><\/span><\/h2>\n<\/div>\n<div id=\"comp-lavedeln\" class=\"KcpHeO tz5f0K comp-lavedeln wixui-rich-text\" data-testid=\"richTextElement\">\n<p class=\"font_9 wixui-rich-text__text\">Unsere Preise variieren je nach Zustand des Containers, den gew\u00fcnschten Ausstattungen, aber auch nach Markttrends oder dem Ort, an dem der Container bereitgestellt wird. Der Preis f\u00fcr einen Container h\u00e4ngt von vielen externen Faktoren ab, die z. B. mit dem Seetransport zusammenh\u00e4ngen. Z\u00f6gern Sie nicht&nbsp;<span class=\"wixui-rich-text__text\"><a class=\"wixui-rich-text__text\" href=\"https:\/\/www.containersbrilock.com\/contact-8\" target=\"_self\">uns kontaktieren<\/a><\/span>&nbsp;damit wir Ihnen einen pers\u00f6nlichen Kostenvoranschlag erstellen k\u00f6nnen, der auf Ihr Budget zugeschnitten ist.<\/p>\n<\/div>\n<div id=\"comp-lavedvbh\" class=\"KcpHeO tz5f0K comp-lavedvbh wixui-rich-text\" data-testid=\"richTextElement\">\n<h2 class=\"font_6 wixui-rich-text__text\"><span class=\"wixui-rich-text__text\"><span class=\"color_15 wixui-rich-text__text\">Stellen Sie einen Kundendienst f\u00fcr Ihre Container sicher?<\/span><\/span><\/h2>\n<\/div>\n<div id=\"comp-lavee0wp\" class=\"KcpHeO tz5f0K comp-lavee0wp wixui-rich-text\" data-testid=\"richTextElement\">\n<p class=\"font_9 wixui-rich-text__text\">Wir bieten einen Kundendienst f\u00fcr die von uns gelieferten Container an. Wir k\u00f6nnen auch zu Ihnen kommen, um Reparaturen an Ihrem Container vorzunehmen.<\/p>\n<\/div>\n<div id=\"comp-lavehc2g\" class=\"KcpHeO tz5f0K comp-lavehc2g wixui-rich-text\" data-testid=\"richTextElement\">\n<h2 class=\"font_6 wixui-rich-text__text\"><span class=\"wixui-rich-text__text\"><span class=\"color_15 wixui-rich-text__text\">Unterst\u00fctzen Sie Ihre Kunden bei der Optimierung ihrer Projekte?<\/span><\/span><\/h2>\n<\/div>\n<div id=\"comp-lavehks5\" class=\"KcpHeO tz5f0K comp-lavehks5 wixui-rich-text\" data-testid=\"richTextElement\">\n<p class=\"font_9 wixui-rich-text__text\">Es ist von entscheidender Bedeutung, dass Sie Ihre Projekte nachverfolgen, um sie zu einem erfolgreichen Abschluss zu bringen. Alle unsere Teams stehen Ihnen zur Verf\u00fcgung, um Sie bis zur Ausarbeitung und Umsetzung Ihres Projekts zu betreuen und zu beraten.<\/p>\n<\/div>\n<div id=\"comp-lavel5pv\" class=\"KcpHeO tz5f0K comp-lavel5pv wixui-rich-text\" data-testid=\"richTextElement\">\n<h2 class=\"font_6 wixui-rich-text__text\"><span class=\"wixui-rich-text__text\"><span class=\"color_15 wixui-rich-text__text\">Was ist der Vorteil eines Containers im Vergleich zu einem festen Bau?<\/span><\/span><\/h2>\n<\/div>\n<div id=\"comp-lavelpy7\" class=\"KcpHeO tz5f0K comp-lavelpy7 wixui-rich-text\" data-testid=\"richTextElement\">\n<p class=\"font_9 wixui-rich-text__text\">Der Container hat viele Vorteile: Er ist widerstandsf\u00e4hig, modular, verschiebbar und ben\u00f6tigt nicht unbedingt eine Baugenehmigung f\u00fcr seine Aufstellung. Au\u00dferdem kann er bei regelm\u00e4\u00dfiger Wartung eine sehr viel l\u00e4ngere Lebensdauer haben, als wenn er nur f\u00fcr den Seetransport genutzt wird.<\/p>\n<\/div>\n<div id=\"comp-lavelwb7\" class=\"KcpHeO tz5f0K comp-lavelwb7 wixui-rich-text\" data-testid=\"richTextElement\">\n<h2 class=\"font_6 wixui-rich-text__text\"><span class=\"wixui-rich-text__text\"><span class=\"color_15 wixui-rich-text__text\">Kann ein Container in Bezug auf seine Kleidung individuell gestaltet werden?<\/span><\/span><\/h2>\n<\/div>\n<div id=\"comp-lavem1ut\" class=\"KcpHeO tz5f0K comp-lavem1ut wixui-rich-text\" data-testid=\"richTextElement\">\n<p class=\"font_9 wixui-rich-text__text\">Wir bieten an, Ihren Container in den gew\u00fcnschten Farben und nach einer breiten Farbpalette zu lackieren. Wir k\u00f6nnen auch Ihr Logo oder Ihre Beschriftungen (Sticker, Schablonen, Dibond, etc.) anbringen. Besuchen Sie unsere Seite zu unserem Lackierservice, um mehr \u00fcber unsere Leistungen zu erfahren.<\/p>\n<\/div>\n<div id=\"comp-lavemg7j\" class=\"KcpHeO tz5f0K comp-lavemg7j wixui-rich-text\" data-testid=\"richTextElement\">\n<h2 class=\"font_6 wixui-rich-text__text\"><span class=\"wixui-rich-text__text\"><span class=\"color_15 wixui-rich-text__text\">Wie pflegt man einen Container?<\/span><\/span><\/h2>\n<\/div>\n<div id=\"comp-lavemn3l\" class=\"KcpHeO tz5f0K comp-lavemn3l wixui-rich-text\" data-testid=\"richTextElement\">\n<p class=\"font_9 wixui-rich-text__text\">Es gibt viele M\u00f6glichkeiten, Ihren Container zu pflegen und eine l\u00e4ngere Lebensdauer zu gew\u00e4hrleisten. Unsere Teams k\u00f6nnen Ihnen bei der Pflege Ihres Containers helfen, indem sie verschiedene Reparaturen oder Arbeiten wie z. B. Korrosionsschutzanstriche durchf\u00fchren und so daf\u00fcr sorgen, dass Ihr Eigentum lange Zeit gut erhalten bleibt.<\/p>\n<\/div>\n<div id=\"comp-lax3p6bh\" class=\"KcpHeO tz5f0K comp-lax3p6bh wixui-rich-text\" data-testid=\"richTextElement\">\n<h2 class=\"font_6 wixui-rich-text__text\"><span class=\"wixui-rich-text__text\"><span class=\"color_15 wixui-rich-text__text\">Wie lange ist die durchschnittliche Lebensdauer eines Containers?<\/span><\/span><\/h2>\n<\/div>\n<div id=\"comp-lax3pim1\" class=\"KcpHeO tz5f0K comp-lax3pim1 wixui-rich-text\" data-testid=\"richTextElement\">\n<p class=\"font_9 wixui-rich-text__text\">Es gibt keine genaue Regel f\u00fcr die Lebensdauer eines Seecontainers. In der Regel h\u00e4lt ein Container 12 bis 15 Jahre, wenn er regelm\u00e4\u00dfig unter den extremen Bedingungen des Hochseetransports unterwegs ist. Wenn Sie ihn jedoch zu einer nicht seegehenden Einheit machen, kann seine Lebensdauer weit \u00fcber 15 Jahre hinausgehen, vorausgesetzt, Sie lassen ihn regelm\u00e4\u00dfig warten. Vor kurzem mussten wir einen Container aus dem Jahr 1979 warten, der als statisches Lager diente, und er war in perfektem Zustand!<\/p>\n<p class=\"font_9 wixui-rich-text__text\">Wir f\u00fchren durch&nbsp;<a class=\"wixui-rich-text__text\" href=\"https:\/\/www.container-z.com\/fr\/prestations-et-accessoires\/chaudronnerie\" target=\"_blank\" rel=\"noreferrer noopener\">die Wartung und Reparatur Ihrer Container<\/a>&nbsp;vor Ort oder in unseren Werkst\u00e4tten mithilfe unserer Kesselschmiedeteams. Wir k\u00f6nnen auch die Lebensdauer Ihrer Container gegen \u00e4u\u00dfere Einfl\u00fcsse verl\u00e4ngern durch&nbsp;<a class=\"wixui-rich-text__text\" href=\"https:\/\/www.container-z.com\/fr\/prestations-et-accessoires\/peinture\" target=\"_blank\" rel=\"noreferrer noopener\">unser Malservice<\/a>&nbsp;der Sie mit einer geeigneten Behandlung versorgen wird.<\/p>\n<\/div>\n<div id=\"comp-lax3pxd9\" class=\"KcpHeO tz5f0K comp-lax3pxd9 wixui-rich-text\" data-testid=\"richTextElement\">\n<h2 class=\"font_6 wixui-rich-text__text\"><span class=\"wixui-rich-text__text\"><span class=\"color_15 wixui-rich-text__text\">Ist es m\u00f6glich, einen Container zu sichern?<\/span><\/span><\/h2>\n<\/div>\n<div id=\"comp-lax3q6gd\" class=\"KcpHeO tz5f0K comp-lax3q6gd wixui-rich-text\" data-testid=\"richTextElement\">\n<p class=\"font_9 wixui-rich-text__text\">Wir bieten verschiedene L\u00f6sungen an, um Ihr Eigentum zu sichern, wenn es in einem Container gelagert wird. Von herk\u00f6mmlichen Sicherheitssiegeln bis hin zu fortgeschrittenen Sicherungsprozessen k\u00f6nnen Sie Ihren Container problemlos optimal sichern.<\/p>\n<p class=\"font_9 wixui-rich-text__text\">Gehen Sie zu unserem&nbsp;<a class=\"wixui-rich-text__text\" href=\"https:\/\/www.container-z.com\/fr\/prestations-et-accessoires\/securisation\" target=\"_blank\" rel=\"noreferrer noopener\">eigene Seite<\/a>&nbsp;zu diesem Thema, um sich die verschiedenen verf\u00fcgbaren Werkzeuge anzusehen.<\/p>\n<\/div>\n<div id=\"comp-lax3qk74\" class=\"KcpHeO tz5f0K comp-lax3qk74 wixui-rich-text\" data-testid=\"richTextElement\">\n<h2 class=\"font_6 wixui-rich-text__text\"><span class=\"wixui-rich-text__text\"><span class=\"color_15 wixui-rich-text__text\">Ist ein K\u00fchlcontainer laut?<\/span><\/span><\/h2>\n<\/div>\n<div id=\"comp-lax3qs39\" class=\"KcpHeO tz5f0K comp-lax3qs39 wixui-rich-text\" data-testid=\"richTextElement\">\n<p class=\"font_9 wixui-rich-text__text\">K\u00fchlcontainer sind aufgrund ihrer Au\u00dfenmotoren relativ laut. Es gibt jedoch Motoren, die leiser sein k\u00f6nnen.<\/p>\n<p class=\"font_9 wixui-rich-text__text\">Z\u00f6gern Sie nicht, uns zu kontaktieren, um gemeinsam zu sehen, welche L\u00f6sungen wir Ihnen anbieten k\u00f6nnen mit&nbsp;<a class=\"wixui-rich-text__text\" href=\"https:\/\/www.container-z.com\/fr\/vente-et-location\/containers-frigorifiques\" target=\"_blank\" rel=\"noreferrer noopener\">unsere Reefer-Container<\/a>.<\/p>\n<\/div>\n<div id=\"comp-lax3r57k\" class=\"KcpHeO tz5f0K comp-lax3r57k wixui-rich-text\" data-testid=\"richTextElement\">\n<h2 class=\"font_6 wixui-rich-text__text\"><span class=\"wixui-rich-text__text\"><span class=\"color_15 wixui-rich-text__text\">Ist das Gas, das in einem K\u00fchlcontainer verwendet wird, normgerecht?<\/span><\/span><\/h2>\n<\/div>\n<div id=\"comp-lax3rmxp\" class=\"KcpHeO tz5f0K comp-lax3rmxp wixui-rich-text\" data-testid=\"richTextElement\">\n<p class=\"font_9 wixui-rich-text__text\">Alle Gase, die in unseren K\u00fchlschr\u00e4nken verwendet werden, entsprechen den geltenden Normen.<\/p>\n<\/div>\n<div id=\"comp-lax3yca4\" class=\"KcpHeO tz5f0K comp-lax3yca4 wixui-rich-text\" data-testid=\"richTextElement\">\n<h2 class=\"font_6 wixui-rich-text__text\"><span class=\"wixui-rich-text__text\"><span class=\"color_15 wixui-rich-text__text\">Entsprechen Ihre Container den geltenden Normen?<\/span><\/span><\/h2>\n<\/div>\n<div id=\"comp-lax3yivw\" class=\"KcpHeO tz5f0K comp-lax3yivw wixui-rich-text\" data-testid=\"richTextElement\">\n<p class=\"font_9 wixui-rich-text__text\">Alle unsere Container sind an den&nbsp;<a class=\"wixui-rich-text__text\" href=\"https:\/\/www.container-z.com\/fr\/informations-et-conseils\/les-normes\" target=\"_blank\" rel=\"noreferrer noopener\">geltende Normen<\/a>&nbsp;sowie alle Umbauten und \u00c4nderungen, die wir an Ihren Projekten vornehmen.<\/p>\n<p class=\"font_9 wixui-rich-text__text\">Sie k\u00f6nnen mehr \u00fcber diese Standards erfahren, indem Sie unsere spezielle Seite besuchen, die regelm\u00e4\u00dfig zu diesem Thema aktualisiert wird.<\/p>\n<\/div>\n<div id=\"comp-lax3yrtb\" class=\"KcpHeO tz5f0K comp-lax3yrtb wixui-rich-text\" data-testid=\"richTextElement\">\n<h2 class=\"font_6 wixui-rich-text__text\"><span class=\"wixui-rich-text__text\"><span class=\"color_15 wixui-rich-text__text\">Werden Ihre Container in Frankreich hergestellt?<\/span><\/span><\/h2>\n<\/div>\n<div id=\"comp-lax3z1j6\" class=\"KcpHeO tz5f0K comp-lax3z1j6 wixui-rich-text\" data-testid=\"richTextElement\">\n<p class=\"font_9 wixui-rich-text__text\">Fast alle Seecontainer werden heute in China hergestellt.<\/p>\n<p class=\"font_9 wixui-rich-text__text\">Alles, was mit der Einrichtung und Reparatur von Containern zu tun hat, wird hingegen in&nbsp;<a class=\"wixui-rich-text__text\" href=\"https:\/\/www.container-z.com\/fr\/qui-sommes-nous\/nos-moyens\" target=\"_blank\" rel=\"noreferrer noopener\">unsere Werkst\u00e4tten<\/a>&nbsp;in Frankreich nur von qualifiziertem und zertifiziertem Personal durchgef\u00fchrt werden.<\/p>\n<\/div>\n<div id=\"comp-lax3za3q\" class=\"KcpHeO tz5f0K comp-lax3za3q wixui-rich-text\" data-testid=\"richTextElement\">\n<h2 class=\"font_6 wixui-rich-text__text\"><span class=\"wixui-rich-text__text\"><span class=\"color_15 wixui-rich-text__text\">Ich bin eine Privatperson. Kann ich Ihre Dienste in Anspruch nehmen?<\/span><\/span><\/h2>\n<\/div>\n<div id=\"comp-lax3zmr8\" class=\"KcpHeO tz5f0K comp-lax3zmr8 wixui-rich-text\" data-testid=\"richTextElement\">\n<p class=\"font_9 wixui-rich-text__text\">Wenn Sie eine Privatperson sind, k\u00f6nnen wir auch Ihr Projekt aufnehmen, unsere Dienste stehen allen offen, z\u00f6gern Sie nicht&nbsp;<span class=\"wixui-rich-text__text\"><a class=\"wixui-rich-text__text\" href=\"https:\/\/www.containersbrilock.com\/contact-8\" target=\"_self\">uns kontaktieren.<\/a><\/span><\/p>\n<\/div>\n<div id=\"comp-lax44pv5\" class=\"KcpHeO tz5f0K comp-lax44pv5 wixui-rich-text\" data-testid=\"richTextElement\">\n<h2 class=\"font_6 wixui-rich-text__text\"><span class=\"wixui-rich-text__text\"><span class=\"color_15 wixui-rich-text__text\">Wie transportiert man einen Seecontainer?<\/span><\/span><\/h2>\n<\/div>\n<div id=\"comp-lax44vxt\" class=\"KcpHeO tz5f0K comp-lax44vxt wixui-rich-text\" data-testid=\"richTextElement\">\n<p class=\"font_9 wixui-rich-text__text\">Fast 500 Millionen&nbsp;<a class=\"wixui-rich-text__text\" href=\"https:\/\/www.container-z.com\/fr\/vente-et-location\/containers-standards\" target=\"_blank\" rel=\"noreferrer noopener\">Container<\/a>&nbsp;werden jedes Jahr in den H\u00e4fen umgeschlagen, wobei Lasten von bis zu 30 Tonnen immer wieder gehoben und abgesetzt werden m\u00fcssen. Der Transport von Seecontainern setzt also ein ausgereiftes System und starke Verankerungen voraus! Aus diesem Grund gelten f\u00fcr den Containertransport bestimmte Sicherheitsregeln.<\/p>\n<p class=\"font_9 wixui-rich-text__text\">So verwenden die Maschinen f\u00fcr die Handhabung haupts\u00e4chlich&nbsp;<a class=\"wixui-rich-text__text\" href=\"https:\/\/www.container-z.com\/fr\/accessoires\/calage-et-arrimage\" target=\"_blank\" rel=\"noreferrer noopener\">die ISO-Ecken des Containers<\/a>Seltener sind die seitlichen Durchg\u00e4nge im unteren Bereich, die f\u00fcr den Transport von leeren Containern mit Gabelstaplern vorgesehen sind.<\/p>\n<\/div>\n<div id=\"comp-lax454uq\" class=\"KcpHeO tz5f0K comp-lax454uq wixui-rich-text\" data-testid=\"richTextElement\">\n<h2 class=\"font_6 wixui-rich-text__text\"><span class=\"wixui-rich-text__text\"><span class=\"color_15 wixui-rich-text__text\">Iso-Ecke auf einem Container<\/span><\/span><\/h2>\n<\/div>\n<div id=\"comp-lax459lk\" class=\"KcpHeO tz5f0K comp-lax459lk wixui-rich-text\" data-testid=\"richTextElement\">\n<p class=\"font_9 wixui-rich-text__text\">ISO-Ecken befinden sich an jeder Ecke eines Containers. Es handelt sich dabei um Stahlst\u00fccke, die auf drei Seiten von \u00d6ffnungen durchbrochen sind. Es handelt sich dabei eigentlich um weibliche Teile. Die m\u00e4nnlichen Teile, die sogenannten Twistlocks, werden in die Innenseite gesteckt und verriegelt. Sobald die beiden Teile zusammengesteckt sind, k\u00f6nnen die Container an einem Kran, auf einem Schiff, einem LKW oder \u00c4hnlichem festgezurrt werden.<\/p>\n<p class=\"font_9 wixui-rich-text__text\">Es gibt auch automatische Twistlocks, die an Kr\u00e4nen montiert werden, und manuelle, die man z. B. an Lastwagen findet oder um zwei Container miteinander zu verbinden.<\/p>\n<\/div>\n<div id=\"comp-lax45n0l\" class=\"KcpHeO tz5f0K comp-lax45n0l wixui-rich-text\" data-testid=\"richTextElement\">\n<h2 class=\"font_6 wixui-rich-text__text\"><span class=\"wixui-rich-text__text\"><span class=\"color_15 wixui-rich-text__text\">Kann ein Container radioaktive Elemente (z. B. Atomm\u00fcll) transportieren?<\/span><\/span><\/h2>\n<\/div>\n<div id=\"comp-lax45rwy\" class=\"KcpHeO tz5f0K comp-lax45rwy wixui-rich-text\" data-testid=\"richTextElement\">\n<p class=\"font_9 wixui-rich-text__text\">Ja, aber nur, wenn der Container vom TYP IP2 oder Typ A ist. Das sind Container, die speziell f\u00fcr die Aufnahme dieser Art von Elementen ausger\u00fcstet sind. Es ist daher nicht m\u00f6glich, radioaktives Material in einem Standardcontainer zu lagern.<\/p>\n<\/div>\t\t\t\t\t\t<\/div>\n\t\t\t\t<\/div>\n\t\t\t\t\t<\/div>\n\t\t\t\t<\/div>\n\t\t\t\t\t\t\t<\/div>","protected":false},"excerpt":{"rendered":"<p>QUESTIONS FR\u00c9QUENTES Les r\u00e9ponses \u00e0 vos questions Est-ce qu&rsquo;un container c&rsquo;est r\u00e9sistant? Un conteneur est adapt\u00e9 pour durer plus d\u2019une dizaine d\u2019ann\u00e9es en service lors de trajets maritimes. Il va sans dire que la r\u00e9sistance d\u2019un container n\u2019est plus \u00e0 prouver, d\u2019autant que nos containers disponibles \u00e0 l\u2019achat et \u00e0 la location et pour les [&hellip;]<\/p>","protected":false},"author":1,"featured_media":0,"parent":0,"menu_order":0,"comment_status":"closed","ping_status":"closed","template":"elementor_header_footer","meta":{"_monsterinsights_skip_tracking":false,"_monsterinsights_sitenote_active":false,"_monsterinsights_sitenote_note":"","_monsterinsights_sitenote_category":0,"footnotes":""},"aioseo_notices":[],"_links":{"self":[{"href":"https:\/\/alex-elec.eu\/de_de_formal\/wp-json\/wp\/v2\/pages\/20288"}],"collection":[{"href":"https:\/\/alex-elec.eu\/de_de_formal\/wp-json\/wp\/v2\/pages"}],"about":[{"href":"https:\/\/alex-elec.eu\/de_de_formal\/wp-json\/wp\/v2\/types\/page"}],"author":[{"embeddable":true,"href":"https:\/\/alex-elec.eu\/de_de_formal\/wp-json\/wp\/v2\/users\/1"}],"replies":[{"embeddable":true,"href":"https:\/\/alex-elec.eu\/de_de_formal\/wp-json\/wp\/v2\/comments?post=20288"}],"version-history":[{"count":7,"href":"https:\/\/alex-elec.eu\/de_de_formal\/wp-json\/wp\/v2\/pages\/20288\/revisions"}],"predecessor-version":[{"id":28321,"href":"https:\/\/alex-elec.eu\/de_de_formal\/wp-json\/wp\/v2\/pages\/20288\/revisions\/28321"}],"wp:attachment":[{"href":"https:\/\/alex-elec.eu\/de_de_formal\/wp-json\/wp\/v2\/media?parent=20288"}],"curies":[{"name":"wp","href":"https:\/\/api.w.org\/{rel}","templated":true}]}}